{"id":5613,"date":"2024-08-13T12:26:38","date_gmt":"2024-08-13T10:26:38","guid":{"rendered":"https:\/\/www.scwr.be\/fr\/?page_id=5613"},"modified":"2025-05-26T12:21:32","modified_gmt":"2025-05-26T10:21:32","slug":"adultes","status":"publish","type":"page","link":"https:\/\/www.scwr.be\/fr\/adultes\/","title":{"rendered":"Adultes"},"content":{"rendered":"\n<h4 class=\"wp-block-heading\">Niveau 1<\/h4>\n\n\n<p>\u00a0Ambiance d\u00e9tendue &amp; niveau moins \u00e9lev\u00e9<\/p>\n\n\n<hr class=\"wp-block-separator has-alpha-channel-opacity\"\/>\n\n\n\n<h4 class=\"wp-block-heading\">Niveau 2<\/h4>\n\n\n\n<p>Niveau plus \u00e9lev\u00e9 afin de perfectionner l\u2019endurance<\/p>\n\n\n<p><strong>Cotisation<\/strong><br \/>1x\/semaine : 350\u20ac<br \/>2x\/semaine : 400\u20ac<\/p>\n\n<a href=\"https:\/\/www.scwr.be\/fr\/wp-content\/uploads\/2025\/05\/Planning-SCWR-2025.pdf\" class=\"pdfemb-viewer\" style=\"\" data-width=\"max\" data-height=\"max\" data-toolbar=\"bottom\" data-toolbar-fixed=\"off\">Planning-SCWR-2025<\/a>","protected":false},"excerpt":{"rendered":"<p>Niveau 1 \u00a0Ambiance d\u00e9tendue &amp; niveau moins \u00e9lev\u00e9 Niveau 2 Niveau plus \u00e9lev\u00e9 afin de perfectionner l\u2019endurance Cotisation1x\/semaine : 350\u20ac2x\/semaine : 400\u20ac<\/p>\n","protected":false},"author":1,"featured_media":0,"parent":0,"menu_order":0,"comment_status":"closed","ping_status":"closed","template":"","meta":{"footnotes":""},"class_list":["post-5613","page","type-page","status-publish","hentry"],"_links":{"self":[{"href":"https:\/\/www.scwr.be\/fr\/wp-json\/wp\/v2\/pages\/5613","targetHints":{"allow":["GET"]}}],"collection":[{"href":"https:\/\/www.scwr.be\/fr\/wp-json\/wp\/v2\/pages"}],"about":[{"href":"https:\/\/www.scwr.be\/fr\/wp-json\/wp\/v2\/types\/page"}],"author":[{"embeddable":true,"href":"https:\/\/www.scwr.be\/fr\/wp-json\/wp\/v2\/users\/1"}],"replies":[{"embeddable":true,"href":"https:\/\/www.scwr.be\/fr\/wp-json\/wp\/v2\/comments?post=5613"}],"version-history":[{"count":13,"href":"https:\/\/www.scwr.be\/fr\/wp-json\/wp\/v2\/pages\/5613\/revisions"}],"predecessor-version":[{"id":6652,"href":"https:\/\/www.scwr.be\/fr\/wp-json\/wp\/v2\/pages\/5613\/revisions\/6652"}],"wp:attachment":[{"href":"https:\/\/www.scwr.be\/fr\/wp-json\/wp\/v2\/media?parent=5613"}],"curies":[{"name":"wp","href":"https:\/\/api.w.org\/{rel}","templated":true}]}}